{"id":1423,"date":"2022-12-19T02:30:10","date_gmt":"2022-12-19T02:30:10","guid":{"rendered":"https:\/\/test.reinvestgroup.pl\/aktualnosci\/"},"modified":"2024-09-04T21:36:23","modified_gmt":"2024-09-04T21:36:23","slug":"news","status":"publish","type":"page","link":"https:\/\/test.reinvestgroup.pl\/pl\/news\/","title":{"rendered":"Aktualno\u015bci"},"content":{"rendered":"\t\t<div data-elementor-type=\"wp-page\" data-elementor-id=\"1423\" class=\"elementor elementor-1423 elementor-27\">\n\t\t\t\t\t\t<section class=\"elementor-section elementor-top-section elementor-element elementor-element-15c24e5 elementor-section-full_width elementor-section-height-default elementor-section-height-default\" data-id=\"15c24e5\" data-element_type=\"section\">\n\t\t\t\t\t\t<div class=\"elementor-container elementor-column-gap-default\">\n\t\t\t\t\t<div class=\"elementor-column elementor-col-100 elementor-top-column elementor-element elementor-element-5072785\" data-id=\"5072785\" data-element_type=\"column\">\n\t\t\t<div class=\"elementor-widget-wrap elementor-element-populated\">\n\t\t\t\t\t\t<div class=\"elementor-element elementor-element-c198af0 elementor-widget elementor-widget-gva_post_breadcrumb\" data-id=\"c198af0\" data-element_type=\"widget\" data-widget_type=\"gva_post_breadcrumb.default\">\n\t\t\t\t<div class=\"elementor-widget-container\">\n\t\t\t<div class=\"gva-element-gva_post_breadcrumb gva-element\">   \r\n<div class=\"post-breadcrumb\">\r\n   <div class=\"custom-breadcrumb \" >\r\n            <div class=\"breadcrumb-main\">\r\n        <div class=\"container\">\r\n          <div class=\"breadcrumb-container-inner\">\r\n            <h2 class=\"heading-title\">Aktualno\u015bci<\/h2>          <\/div>  \r\n        <\/div>   \r\n      <\/div>  \r\n   <\/div>\r\n<\/div>      \r\n\r\n<\/div>\t\t<\/div>\n\t\t\t\t<\/div>\n\t\t\t\t\t<\/div>\n\t\t<\/div>\n\t\t\t\t\t<\/div>\n\t\t<\/section>\n\t\t\t\t<section class=\"elementor-section elementor-top-section elementor-element elementor-element-2ac74c4 elementor-section-boxed elementor-section-height-default elementor-section-height-default\" data-id=\"2ac74c4\" data-element_type=\"section\">\n\t\t\t\t\t\t<div class=\"elementor-container elementor-column-gap-default\">\n\t\t\t\t\t<div class=\"elementor-column elementor-col-100 elementor-top-column elementor-element elementor-element-2d8cdf9\" data-id=\"2d8cdf9\" data-element_type=\"column\">\n\t\t\t<div class=\"elementor-widget-wrap elementor-element-populated\">\n\t\t\t\t\t\t<div class=\"elementor-element elementor-element-9678132 elementor-widget elementor-widget-gva-posts\" data-id=\"9678132\" data-element_type=\"widget\" data-widget_type=\"gva-posts.default\">\n\t\t\t\t<div class=\"elementor-widget-container\">\n\t\t\t<div class=\"gva-element-gva-posts gva-element\">  \r\n  <div class=\"gva-posts-grid clearfix gva-posts\">\r\n\t\t<div class=\"gva-content-items\"> \r\n\t\t  <div class=\"lg-block-grid-3 md-block-grid-3 sm-block-grid-2 xs-block-grid-2 xx-block-grid-1\">\r\n\t\t\t <div class=\"item-columns\">\r\n   <article class=\"post post-one__single post-1422 type-post status-publish format-standard has-post-thumbnail hentry category-uncategorized-pl category-energy-pl tag-energy-pl-2 tag-solar-pl\">\r\n      <div class=\"post-one__thumbnail\"><a href=\"https:\/\/test.reinvestgroup.pl\/pl\/farma-sloneczna-pod-lwowkiem-poczatek-inwestycji\/\"><img fetchpriority=\"high\" decoding=\"async\" width=\"600\" height=\"425\" src=\"https:\/\/test.reinvestgroup.pl\/wp-content\/uploads\/2024\/08\/2a15a765-46a9-4d7f-a7f2-3e03f895ebf0-600x425.webp\" class=\"attachment-post-thumbnail size-post-thumbnail wp-post-image\" alt=\"Farma s\u0142oneczna pod Lw\u00f3wkiem \u015al\u0105skim: Pocz\u0105tek inwestycji\" \/><\/a><div class=\"entry-date\"><span class=\"date\">31<\/span><span class=\"month\">sie<\/span><\/div><\/div>       \r\n      <div class=\"post-one__content has-thumbnail\">\r\n         <div class=\"post-one__content-inner\">\r\n            \r\n            <div class=\"post-one__meta\">\r\n               <div class=\"clearfix meta-inline post-meta-1\"><span class=\"author vcard\"><i class=\"fas fa-user-circle\"><\/i>admin<\/span><\/div>            <\/div> \r\n            <h3 class=\"post-one__title\"><a href=\"https:\/\/test.reinvestgroup.pl\/pl\/farma-sloneczna-pod-lwowkiem-poczatek-inwestycji\/\" rel=\"bookmark\">Farma s\u0142oneczna pod Lw\u00f3wkiem \u015al\u0105skim: Pocz\u0105tek inwestycji<\/a><\/h3>\r\n                        <div class=\"post-one__bottom\">\r\n               <a class=\"post-one__read-more\" href=\"https:\/\/test.reinvestgroup.pl\/pl\/farma-sloneczna-pod-lwowkiem-poczatek-inwestycji\/\">\r\n                 Read More               <\/a>\r\n               <a class=\"post-one__arrow\" href=\"https:\/\/test.reinvestgroup.pl\/pl\/farma-sloneczna-pod-lwowkiem-poczatek-inwestycji\/\">\r\n                 <i class=\"fas fa-chevron-right\"><\/i>\r\n               <\/a>\r\n            <\/div>\r\n         <\/div>\r\n      <\/div>\r\n   <\/article>   \r\n\r\n  <\/div>\t\t  <\/div>\r\n\t\t<\/div>\r\n\t\t\t\t\t <div class=\"pagination\">\r\n\t\t\t\t  \t\t\t <\/div>\r\n\t\t  <\/div>\r\n  <\/div>\t\t<\/div>\n\t\t\t\t<\/div>\n\t\t\t\t\t<\/div>\n\t\t<\/div>\n\t\t\t\t\t<\/div>\n\t\t<\/section>\n\t\t\t\t<section class=\"elementor-section elementor-top-section elementor-element elementor-element-a608306 elementor-section-boxed elementor-section-height-default elementor-section-height-default\" data-id=\"a608306\" data-element_type=\"section\" data-settings=\"{&quot;background_background&quot;:&quot;classic&quot;}\">\n\t\t\t\t\t\t\t<div class=\"elementor-background-overlay\"><\/div>\n\t\t\t\t\t\t\t<div class=\"elementor-container elementor-column-gap-default\">\n\t\t\t\t\t<div class=\"elementor-column elementor-col-50 elementor-top-column elementor-element elementor-element-2479d24\" data-id=\"2479d24\" data-element_type=\"column\">\n\t\t\t<div class=\"elementor-widget-wrap elementor-element-populated\">\n\t\t\t\t\t\t<div class=\"elementor-element elementor-element-731797d8 elementor-position-left elementor-vertical-align-middle elementor-view-default elementor-mobile-position-top elementor-widget elementor-widget-icon-box\" data-id=\"731797d8\" data-element_type=\"widget\" data-widget_type=\"icon-box.default\">\n\t\t\t\t<div class=\"elementor-widget-container\">\n\t\t\t\t\t<div class=\"elementor-icon-box-wrapper\">\n\n\t\t\t\t\t\t<div class=\"elementor-icon-box-icon\">\n\t\t\t\t<span  class=\"elementor-icon elementor-animation-\">\n\t\t\t\t<i aria-hidden=\"true\" class=\" qicon-mission-2\"><\/i>\t\t\t\t<\/span>\n\t\t\t<\/div>\n\t\t\t\n\t\t\t\t\t\t<div class=\"elementor-icon-box-content\">\n\n\t\t\t\t\t\t\t\t\t<h3 class=\"elementor-icon-box-title\">\n\t\t\t\t\t\t<span  >\n\t\t\t\t\t\t\tPa\u0144stwa historia zaczyna si\u0119 tutaj\t\t\t\t\t\t<\/span>\n\t\t\t\t\t<\/h3>\n\t\t\t\t\n\t\t\t\t\t\t\t\t\t<p class=\"elementor-icon-box-description\">\n\t\t\t\t\t\tCzy s\u0105 Pa\u0144stwo gotowi przyci\u0105gn\u0105\u0107 inwestor\u00f3w do swojego pomys\u0142u?\t\t\t\t\t<\/p>\n\t\t\t\t\n\t\t\t<\/div>\n\t\t\t\n\t\t<\/div>\n\t\t\t\t<\/div>\n\t\t\t\t<\/div>\n\t\t\t\t\t<\/div>\n\t\t<\/div>\n\t\t\t\t<div class=\"elementor-column elementor-col-50 elementor-top-column elementor-element elementor-element-304e508\" data-id=\"304e508\" data-element_type=\"column\">\n\t\t\t<div class=\"elementor-widget-wrap elementor-element-populated\">\n\t\t\t\t\t\t<div class=\"elementor-element elementor-element-37c686a elementor-widget__width-auto elementor-widget elementor-widget-html\" data-id=\"37c686a\" data-element_type=\"widget\" data-widget_type=\"html.default\">\n\t\t\t\t<div class=\"elementor-widget-container\">\n\t\t\t<a class=\"btn-white\" href=\"https:\/\/test.reinvestgroup.pl\/pl\/contact\/\">Zrealizuj to<\/a>\t\t<\/div>\n\t\t\t\t<\/div>\n\t\t\t\t\t<\/div>\n\t\t<\/div>\n\t\t\t\t\t<\/div>\n\t\t<\/section>\n\t\t\t\t<\/div>\n\t\t","protected":false},"excerpt":{"rendered":"<p>\u0421\u043e\u043d\u044f\u0447\u043d\u0430 \u0435\u043b\u0435\u043a\u0442\u0440\u043e\u0441\u0442\u0430\u043d\u0446\u0456\u044f \u043f\u0456\u0434 \u0413\u0434\u0430\u043d\u0441\u044c\u043a\u043e\u043c: \u041f\u043e\u0447\u0430\u0442\u043e\u043a \u0456\u043d\u0432\u0435\u0441\u0442\u0438\u0446\u0456\u0439 14Aug admin \u0421\u043e\u043d\u044f\u0447\u043d\u0430 \u0435\u043b\u0435\u043a\u0442\u0440\u043e\u0441\u0442\u0430\u043d\u0446\u0456\u044f \u043f\u0456\u0434 \u0413\u0434\u0430\u043d\u0441\u044c\u043a\u043e\u043c: \u041f\u043e\u0447\u0430\u0442\u043e\u043a \u0456\u043d\u0432\u0435\u0441\u0442\u0438\u0446\u0456\u0439 Read More Pa\u0144stwa historia zaczyna si\u0119 tutaj Czy s\u0105 Pa\u0144stwo gotowi przyci\u0105gn\u0105\u0107 inwestor\u00f3w do swojego pomys\u0142u? [&hellip;]<\/p>\n","protected":false},"author":1,"featured_media":0,"parent":0,"menu_order":0,"comment_status":"closed","ping_status":"closed","template":"","meta":{"footnotes":""},"class_list":["post-1423","page","type-page","status-publish","hentry"],"wpcf_dashboard":"<div class=\"woocommerce\"><div class=\"woocommerce-info\">Please log in first? <a class=\"wpneoShowLogin\" href=\"#\">Click here to login<\/a><\/div><div class=\"wpneo_login_form_div\" style=\"display: none;\"><form name=\"loginform\" id=\"loginform\" action=\"https:\/\/test.reinvestgroup.pl\/pl\/wp-login.php\" method=\"post\"><p class=\"login-username\">\n\t\t\t\t<label for=\"user_login\">Nazwa u\u017cytkownika lub adres e-mail<\/label>\n\t\t\t\t<input type=\"text\" name=\"log\" id=\"user_login\" autocomplete=\"username\" class=\"input\" value=\"\" size=\"20\" \/>\n\t\t\t<\/p><p class=\"login-password\">\n\t\t\t\t<label for=\"user_pass\">Has\u0142o<\/label>\n\t\t\t\t<input type=\"password\" name=\"pwd\" id=\"user_pass\" autocomplete=\"current-password\" spellcheck=\"false\" class=\"input\" value=\"\" size=\"20\" \/>\n\t\t\t<\/p><p class=\"login-remember\"><label><input name=\"rememberme\" type=\"checkbox\" id=\"rememberme\" value=\"forever\" \/> Zapami\u0119taj mnie<\/label><\/p><p class=\"login-submit\">\n\t\t\t\t<input type=\"submit\" name=\"wp-submit\" id=\"wp-submit\" class=\"button button-primary\" value=\"Zaloguj si\u0119\" \/>\n\t\t\t\t<input type=\"hidden\" name=\"redirect_to\" value=\"https:\/\/test.reinvestgroup.pl\/pl\/wp-json\/wp\/v2\/pages\/1423\" \/>\n\t\t\t<\/p><\/form><\/div><\/div>","_links":{"self":[{"href":"https:\/\/test.reinvestgroup.pl\/pl\/wp-json\/wp\/v2\/pages\/1423","targetHints":{"allow":["GET"]}}],"collection":[{"href":"https:\/\/test.reinvestgroup.pl\/pl\/wp-json\/wp\/v2\/pages"}],"about":[{"href":"https:\/\/test.reinvestgroup.pl\/pl\/wp-json\/wp\/v2\/types\/page"}],"author":[{"embeddable":true,"href":"https:\/\/test.reinvestgroup.pl\/pl\/wp-json\/wp\/v2\/users\/1"}],"replies":[{"embeddable":true,"href":"https:\/\/test.reinvestgroup.pl\/pl\/wp-json\/wp\/v2\/comments?post=1423"}],"version-history":[{"count":10,"href":"https:\/\/test.reinvestgroup.pl\/pl\/wp-json\/wp\/v2\/pages\/1423\/revisions"}],"predecessor-version":[{"id":1959,"href":"https:\/\/test.reinvestgroup.pl\/pl\/wp-json\/wp\/v2\/pages\/1423\/revisions\/1959"}],"wp:attachment":[{"href":"https:\/\/test.reinvestgroup.pl\/pl\/wp-json\/wp\/v2\/media?parent=1423"}],"curies":[{"name":"wp","href":"https:\/\/api.w.org\/{rel}","templated":true}]}}