{"id":1442,"date":"2022-12-19T02:31:56","date_gmt":"2022-12-19T02:31:56","guid":{"rendered":"https:\/\/test.reinvestgroup.pl\/inwestycje\/"},"modified":"2024-09-04T21:36:30","modified_gmt":"2024-09-04T21:36:30","slug":"investments","status":"publish","type":"page","link":"https:\/\/test.reinvestgroup.pl\/pl\/investments\/","title":{"rendered":"Inwestycje"},"content":{"rendered":"\t\t<div data-elementor-type=\"wp-page\" data-elementor-id=\"1442\" class=\"elementor elementor-1442 elementor-36\">\n\t\t\t\t\t\t<section class=\"elementor-section elementor-top-section elementor-element elementor-element-f957045 elementor-section-boxed elementor-section-height-default elementor-section-height-default\" data-id=\"f957045\" data-element_type=\"section\" data-settings=\"{&quot;background_background&quot;:&quot;slideshow&quot;,&quot;background_slideshow_gallery&quot;:[{&quot;id&quot;:177,&quot;url&quot;:&quot;https:\\\/\\\/gaviaspreview.com\\\/wp\\\/qizon\\\/wp-content\\\/uploads\\\/2023\\\/01\\\/breadcrumb-01.jpg&quot;},{&quot;id&quot;:178,&quot;url&quot;:&quot;https:\\\/\\\/gaviaspreview.com\\\/wp\\\/qizon\\\/wp-content\\\/uploads\\\/2023\\\/01\\\/breadcrumb-02.jpg&quot;}],&quot;background_slideshow_ken_burns&quot;:&quot;yes&quot;,&quot;background_slideshow_loop&quot;:&quot;yes&quot;,&quot;background_slideshow_slide_duration&quot;:5000,&quot;background_slideshow_slide_transition&quot;:&quot;fade&quot;,&quot;background_slideshow_transition_duration&quot;:500,&quot;background_slideshow_ken_burns_zoom_direction&quot;:&quot;in&quot;}\">\n\t\t\t\t\t\t\t<div class=\"elementor-background-overlay\"><\/div>\n\t\t\t\t\t\t\t<div class=\"elementor-container elementor-column-gap-default\">\n\t\t\t\t\t<div class=\"elementor-column elementor-col-100 elementor-top-column elementor-element elementor-element-fc7f227\" data-id=\"fc7f227\" data-element_type=\"column\">\n\t\t\t<div class=\"elementor-widget-wrap elementor-element-populated\">\n\t\t\t\t\t\t<div class=\"elementor-element elementor-element-b221e56 elementor-widget elementor-widget-gva-heading-block\" data-id=\"b221e56\" data-element_type=\"widget\" data-widget_type=\"gva-heading-block.default\">\n\t\t\t\t<div class=\"elementor-widget-container\">\n\t\t\t<div class=\"gva-element-gva-heading-block gva-element\">   <div class=\"align-center style-1 widget gsc-heading box-align-center auto-responsive\">\r\n      <div class=\"content-inner\">\r\n         \r\n                  \r\n           \r\n         \r\n                     <h2 class=\"title\">\r\n               <span>Platforma Inwestycyjna<\/span>\r\n            <\/h2>\r\n                  \r\n                     <div class=\"title-desc\">Twoje \u017ar\u00f3d\u0142o najlepszych pomys\u0142\u00f3w inwestycyjnych<\/div>\r\n         \r\n         \r\n      <\/div>\r\n   <\/div>\r\n<\/div>\t\t<\/div>\n\t\t\t\t<\/div>\n\t\t\t\t\t<\/div>\n\t\t<\/div>\n\t\t\t\t\t<\/div>\n\t\t<\/section>\n\t\t\t\t<section class=\"elementor-section elementor-top-section elementor-element elementor-element-d1adfb6 elementor-section-boxed elementor-section-height-default elementor-section-height-default\" data-id=\"d1adfb6\" data-element_type=\"section\" data-settings=\"{&quot;background_background&quot;:&quot;classic&quot;}\">\n\t\t\t\t\t\t<div class=\"elementor-container elementor-column-gap-default\">\n\t\t\t\t\t<div class=\"elementor-column elementor-col-100 elementor-top-column elementor-element elementor-element-e24d971\" data-id=\"e24d971\" data-element_type=\"column\">\n\t\t\t<div class=\"elementor-widget-wrap elementor-element-populated\">\n\t\t\t\t\t\t<div class=\"elementor-element elementor-element-6ec4b7c elementor-widget elementor-widget-gva-heading-block\" data-id=\"6ec4b7c\" data-element_type=\"widget\" data-settings=\"{&quot;_animation&quot;:&quot;none&quot;}\" data-widget_type=\"gva-heading-block.default\">\n\t\t\t\t<div class=\"elementor-widget-container\">\n\t\t\t<div class=\"gva-element-gva-heading-block gva-element\">   <div class=\"align-center style-1 widget gsc-heading box-align-center auto-responsive\">\r\n      <div class=\"content-inner\">\r\n         \r\n                  \r\n         <div class=\"sub-title\"><span class=\"tagline\">Kategoria, kt\u00f3ra Ci\u0119 interesuje<\/span><\/div>  \r\n         \r\n                     <h2 class=\"title\">\r\n               <span>Przegl\u0105daj kategorie<\/span>\r\n            <\/h2>\r\n                  \r\n                     <div class=\"title-desc\">Odkryj \u015bwiat mo\u017cliwo\u015bci inwestycyjnych. Zbadaj nasze r\u00f3\u017cnorodne kategorie i znajd\u017a idealny wyb\u00f3r dla swoich cel\u00f3w finansowych.<\/div>\r\n         \r\n         \r\n      <\/div>\r\n   <\/div>\r\n<\/div>\t\t<\/div>\n\t\t\t\t<\/div>\n\t\t\t\t<div class=\"elementor-element elementor-element-fdfe8a5 small-gutter elementor-widget elementor-widget-gva_icon_box_group\" data-id=\"fdfe8a5\" data-element_type=\"widget\" data-widget_type=\"gva_icon_box_group.default\">\n\t\t\t\t<div class=\"elementor-widget-container\">\n\t\t\t<div class=\"gva-element-gva_icon_box_group gva-element\">\r\n<div class=\"gsc-icon-box-group layout-carousel swiper-slider-wrapper margin-disable\">\r\n   <div class=\"swiper-content-inner\">\r\n      <div class=\"init-carousel-swiper swiper\" data-carousel=\"{&quot;items&quot;:4,&quot;items_lg&quot;:4,&quot;items_md&quot;:3,&quot;items_sm&quot;:2,&quot;items_xs&quot;:2,&quot;items_xx&quot;:2,&quot;effect&quot;:&quot;slide&quot;,&quot;space_between&quot;:12,&quot;loop&quot;:0,&quot;speed&quot;:1200,&quot;autoplay&quot;:1,&quot;autoplay_delay&quot;:5000,&quot;autoplay_hover&quot;:1,&quot;navigation&quot;:1,&quot;pagination&quot;:0,&quot;dynamic_bullets&quot;:0,&quot;pagination_type&quot;:&quot;bullets&quot;}\">\r\n         <div class=\"swiper-wrapper\">\r\n            <div class=\"swiper-slide\">\r\n<div class=\"icon-box-item elementor-repeater-item-dca260f\">\r\n\r\n\t\r\n\t\r\n\t\r\n\t\r\n\t<div class=\"iconbox-five__single\"><div class=\"iconbox-five__content\"><div class=\"iconbox-five__icon-wrap\"><div class=\"iconbox-five__icon\"><i aria-hidden=\"true\" class=\" qicon-lamp\"><\/i><\/div><div class=\"iconbox-five__number\">01<\/div><\/div><div class=\"iconbox-five__content-inner\"><h3 class=\"iconbox-five__title\">Energia odnawialna<\/h3><div class=\"iconbox-five__desc\">Inwestuj w zielon\u0105 energi\u0119 dla bardziej ekologicznej przysz\u0142o\u015bci.<\/div><\/div><\/div>\t\t  <a href=\"https:\/\/test.reinvestgroup.pl\/pl\/product-category\/renewable-energy-pl\/\" class=\"iconbox-five__link-overlay\">\r\n\t\t\t \t\t  <\/a>\r\n\t\t  <\/div>\r\n<\/div><\/div><div class=\"swiper-slide\">\r\n<div class=\"icon-box-item elementor-repeater-item-4d98755\">\r\n\r\n\t\r\n\t\r\n\t\r\n\t\r\n\t<div class=\"iconbox-five__single\"><div class=\"iconbox-five__content\"><div class=\"iconbox-five__icon-wrap\"><div class=\"iconbox-five__icon\"><i aria-hidden=\"true\" class=\" qicon-entrepreneur\"><\/i><\/div><div class=\"iconbox-five__number\">02<\/div><\/div><div class=\"iconbox-five__content-inner\"><h3 class=\"iconbox-five__title\">Nieruchomo\u015bci<\/h3><div class=\"iconbox-five__desc\">Odkrywaj lukratywne inwestycje w prime lokalizacjach.<\/div><\/div><\/div>\t\t  <a href=\"https:\/\/test.reinvestgroup.pl\/pl\/product-category\/real-estate-pl\/\" class=\"iconbox-five__link-overlay\">\r\n\t\t\t \t\t  <\/a>\r\n\t\t  <\/div>\r\n<\/div><\/div><div class=\"swiper-slide\">\r\n<div class=\"icon-box-item elementor-repeater-item-76f95e1\">\r\n\r\n\t\r\n\t\r\n\t\r\n\t\r\n\t<div class=\"iconbox-five__single\"><div class=\"iconbox-five__content\"><div class=\"iconbox-five__icon-wrap\"><div class=\"iconbox-five__icon\"><i aria-hidden=\"true\" class=\"qicon-cyborg\"><\/i><\/div><div class=\"iconbox-five__number\">03<\/div><\/div><div class=\"iconbox-five__content-inner\"><h3 class=\"iconbox-five__title\">Technologia<\/h3><div class=\"iconbox-five__desc\">Inwestuj w przysz\u0142e technologie, kt\u00f3re nap\u0119dzaj\u0105 innowacje jutra.<\/div><\/div><\/div>\t\t  <a href=\"https:\/\/test.reinvestgroup.pl\/pl\/product-category\/technology-pl\/\" class=\"iconbox-five__link-overlay\">\r\n\t\t\t \t\t  <\/a>\r\n\t\t  <\/div>\r\n<\/div><\/div><div class=\"swiper-slide\">\r\n<div class=\"icon-box-item elementor-repeater-item-96b3e02\">\r\n\r\n\t\r\n\t\r\n\t\r\n\t\r\n\t<div class=\"iconbox-five__single\"><div class=\"iconbox-five__content\"><div class=\"iconbox-five__icon-wrap\"><div class=\"iconbox-five__icon\"><i aria-hidden=\"true\" class=\"fas fa-hotel\"><\/i><\/div><div class=\"iconbox-five__number\">04<\/div><\/div><div class=\"iconbox-five__content-inner\"><h3 class=\"iconbox-five__title\">Produkcja<\/h3><div class=\"iconbox-five__desc\">Wzmo\u017c rozw\u00f3j przemys\u0142owy poprzez inwestycje w produkcj\u0119.<\/div><\/div><\/div>\t\t  <a href=\"https:\/\/test.reinvestgroup.pl\/pl\/product-category\/manufacturing-pl\/\" class=\"iconbox-five__link-overlay\">\r\n\t\t\t \t\t  <\/a>\r\n\t\t  <\/div>\r\n<\/div><\/div>         <\/div>\r\n      <\/div>\r\n   <\/div>   \r\n   <div class=\"swiper-pagination\"><\/div>   <div class=\"swiper-nav-next\"><\/div><div class=\"swiper-nav-prev\"><\/div><\/div>\r\n<\/div>\t\t<\/div>\n\t\t\t\t<\/div>\n\t\t\t\t\t<\/div>\n\t\t<\/div>\n\t\t\t\t\t<\/div>\n\t\t<\/section>\n\t\t\t\t<section class=\"elementor-section elementor-top-section elementor-element elementor-element-c0558d7 elementor-section-boxed elementor-section-height-default elementor-section-height-default\" data-id=\"c0558d7\" data-element_type=\"section\">\n\t\t\t\t\t\t<div class=\"elementor-container elementor-column-gap-default\">\n\t\t\t\t\t<div class=\"elementor-column elementor-col-100 elementor-top-column elementor-element elementor-element-8b8d81a\" data-id=\"8b8d81a\" data-element_type=\"column\">\n\t\t\t<div class=\"elementor-widget-wrap elementor-element-populated\">\n\t\t\t\t\t\t<div class=\"elementor-element elementor-element-98454cd elementor-widget elementor-widget-gva-heading-block\" data-id=\"98454cd\" data-element_type=\"widget\" data-widget_type=\"gva-heading-block.default\">\n\t\t\t\t<div class=\"elementor-widget-container\">\n\t\t\t<div class=\"gva-element-gva-heading-block gva-element\">   <div class=\"align-center style-1 widget gsc-heading box-align-left auto-responsive\">\r\n      <div class=\"content-inner\">\r\n         \r\n                  \r\n         <div class=\"sub-title\"><span class=\"tagline\">inwestycje na kt\u00f3re mo\u017cesz polega\u0107<\/span><\/div>  \r\n         \r\n                     <h2 class=\"title\">\r\n               <span>Badaj inwestycje<\/span>\r\n            <\/h2>\r\n                  \r\n         \r\n         \r\n      <\/div>\r\n   <\/div>\r\n<\/div>\t\t<\/div>\n\t\t\t\t<\/div>\n\t\t\t\t<div class=\"elementor-element elementor-element-fa23c86 elementor-widget elementor-widget-gva-campaign\" data-id=\"fa23c86\" data-element_type=\"widget\" data-widget_type=\"gva-campaign.default\">\n\t\t\t\t<div class=\"elementor-widget-container\">\n\t\t\t<div class=\"gva-element-gva-campaign gva-element\">\r\n<div class=\"gsc-campaign layout-grid\">\r\n   <div class=\"gva-content-items\"> \r\n      <div class=\"lg-block-grid-3 md-block-grid-3 sm-block-grid-2 xs-block-grid-1 xx-block-grid-1\">\r\n         <div class=\"item-columns\"><div class=\"campaign-two__single\">\n   <div class=\"campaign-two__image\">\n      <a href=\"https:\/\/test.reinvestgroup.pl\/pl\/product\/solar-power-farms-pv-lwowek-slaski-pl\/\" title=\"Farmy fotowoltaiczne Lw\u00f3wek \u015al\u0105ski 1 i 2 &#8211; \u0142\u0105czna moc 1,63 MW\">\n         <img fetchpriority=\"high\" decoding=\"async\" width=\"580\" height=\"580\" src=\"https:\/\/test.reinvestgroup.pl\/wp-content\/uploads\/2024\/08\/5aea14d3-0645-48db-8494-820236a0f6f7-580x580.webp\" class=\"attachment-qizon_medium size-qizon_medium\" alt=\"\" srcset=\"https:\/\/test.reinvestgroup.pl\/wp-content\/uploads\/2024\/08\/5aea14d3-0645-48db-8494-820236a0f6f7-580x580.webp 580w, https:\/\/test.reinvestgroup.pl\/wp-content\/uploads\/2024\/08\/5aea14d3-0645-48db-8494-820236a0f6f7-175x175.webp 175w, https:\/\/test.reinvestgroup.pl\/wp-content\/uploads\/2024\/08\/5aea14d3-0645-48db-8494-820236a0f6f7-300x300.webp 300w, https:\/\/test.reinvestgroup.pl\/wp-content\/uploads\/2024\/08\/5aea14d3-0645-48db-8494-820236a0f6f7-180x180.webp 180w\" sizes=\"(max-width: 580px) 100vw, 580px\" \/>      <\/a>\n      <a href=\"https:\/\/test.reinvestgroup.pl\/pl\/product\/solar-power-farms-pv-lwowek-slaski-pl\/\" class=\"campaign-two__overlay\"><\/a>\n      <div class=\"campaign-two__love campaign_loved_html\">\n         <a href=\"javascript:;\" class=\"love_this_campaign\" data-campaign-id=\"2403\"><i class=\"wpneo-icon wpneo-icon-love-empty\"><\/i><\/a>      <\/div>\n      <div class=\"campaign-two__categories\">\n         <span class=\"posted_in\"><a href=\"https:\/\/test.reinvestgroup.pl\/pl\/product-category\/renewable-energy-pl\/\" rel=\"tag\">Energia odnawialna<\/a><\/span>      <\/div>\n   <\/div>\n   <div class=\"campaign-two__content\">\n      <div class=\"campaign-two__meta\">\n         <div class=\"campaign-two__time_remaining\">\n                <div class=\"time-remaining\">\n        <i class=\"time-icon fa-solid fa-clock\"><\/i>\n                                <span class=\"info-value time-remaining-desc\">0<\/span>\n            \n                 \n                <span class=\"info-label time-remaining-name\">Days Remaining<\/span>\n              \n\n            <\/div>\n         <\/div>\n      <\/div>\n\n      <h4 class=\"campaign-two__title\">\n         <a href=\"https:\/\/test.reinvestgroup.pl\/pl\/product\/solar-power-farms-pv-lwowek-slaski-pl\/ \">Farmy fotowoltaiczne Lw\u00f3wek \u015al\u0105ski 1 i 2 &#8211; \u0142\u0105czna moc 1,63 MW<\/a>\n      <\/h4>\n<!--\n      <div class=\"campaign-two__raised\">\n         <div class=\"campaign-two__total_raised\">\n            <span class=\"campaign-two__raised-value\"><span class=\"woocommerce-Price-amount amount\"><bdi><span class=\"woocommerce-Price-currencySymbol\">&euro;<\/span>0.00<\/bdi><\/span><\/span>\n            <span class=\"campaign-two__raised-label\">raised of <\/span>\n            <span class=\"campaign-two__goal\"><span class=\"woocommerce-Price-amount amount\"><bdi><span class=\"woocommerce-Price-currencySymbol\">&euro;<\/span>0.00<\/bdi><\/span><\/span>\n         <\/div>\n         <div class=\"ccampaign-two__percent-raised\">0%<\/div>\n      <\/div>\n      <div class=\"campaign-two__progress\">\n         <div class=\"progress\">\n            <div class=\"progress-bar\" data-progress-animation=\"0%\">\n               <span class=\"percentage\"><span><\/span><\/span>\n            <\/div>\n         <\/div>\n      <\/div>   \n-->\n   <\/div>   \n<\/div>   <\/div><div class=\"item-columns\"><div class=\"campaign-two__single\">\n   <div class=\"campaign-two__image\">\n      <a href=\"https:\/\/test.reinvestgroup.pl\/pl\/product\/your-realestate-investment-idea-pl\/\" title=\"Pa\u0144stwa pomys\u0142 na inwestycj\u0119 w nieruchomo\u015bci mo\u017ce by\u0107 tutaj\">\n         <img decoding=\"async\" width=\"580\" height=\"580\" src=\"https:\/\/test.reinvestgroup.pl\/wp-content\/uploads\/2024\/08\/aeb21723-00ba-4bdd-b5fe-1a108bec96d4-580x580.webp\" class=\"attachment-qizon_medium size-qizon_medium\" alt=\"\" srcset=\"https:\/\/test.reinvestgroup.pl\/wp-content\/uploads\/2024\/08\/aeb21723-00ba-4bdd-b5fe-1a108bec96d4-580x580.webp 580w, https:\/\/test.reinvestgroup.pl\/wp-content\/uploads\/2024\/08\/aeb21723-00ba-4bdd-b5fe-1a108bec96d4-175x175.webp 175w, https:\/\/test.reinvestgroup.pl\/wp-content\/uploads\/2024\/08\/aeb21723-00ba-4bdd-b5fe-1a108bec96d4-300x300.webp 300w, https:\/\/test.reinvestgroup.pl\/wp-content\/uploads\/2024\/08\/aeb21723-00ba-4bdd-b5fe-1a108bec96d4-180x180.webp 180w\" sizes=\"(max-width: 580px) 100vw, 580px\" \/>      <\/a>\n      <a href=\"https:\/\/test.reinvestgroup.pl\/pl\/product\/your-realestate-investment-idea-pl\/\" class=\"campaign-two__overlay\"><\/a>\n      <div class=\"campaign-two__love campaign_loved_html\">\n         <a href=\"javascript:;\" class=\"love_this_campaign\" data-campaign-id=\"1420\"><i class=\"wpneo-icon wpneo-icon-love-empty\"><\/i><\/a>      <\/div>\n      <div class=\"campaign-two__categories\">\n         <span class=\"posted_in\"><a href=\"https:\/\/test.reinvestgroup.pl\/pl\/product-category\/real-estate-pl\/\" rel=\"tag\">Nieruchomo\u015bci<\/a><\/span>      <\/div>\n   <\/div>\n   <div class=\"campaign-two__content\">\n      <div class=\"campaign-two__meta\">\n         <div class=\"campaign-two__time_remaining\">\n                <div class=\"time-remaining\">\n        <i class=\"time-icon fa-solid fa-clock\"><\/i>\n                                <span class=\"info-value time-remaining-desc\">0<\/span>\n            \n                 \n                <span class=\"info-label time-remaining-name\">Days Remaining<\/span>\n              \n\n            <\/div>\n         <\/div>\n      <\/div>\n\n      <h4 class=\"campaign-two__title\">\n         <a href=\"https:\/\/test.reinvestgroup.pl\/pl\/product\/your-realestate-investment-idea-pl\/ \">Pa\u0144stwa pomys\u0142 na inwestycj\u0119 w nieruchomo\u015bci mo\u017ce by\u0107 tutaj<\/a>\n      <\/h4>\n<!--\n      <div class=\"campaign-two__raised\">\n         <div class=\"campaign-two__total_raised\">\n            <span class=\"campaign-two__raised-value\"><span class=\"woocommerce-Price-amount amount\"><bdi><span class=\"woocommerce-Price-currencySymbol\">&euro;<\/span>0.00<\/bdi><\/span><\/span>\n            <span class=\"campaign-two__raised-label\">raised of <\/span>\n            <span class=\"campaign-two__goal\"><span class=\"woocommerce-Price-amount amount\"><bdi><span class=\"woocommerce-Price-currencySymbol\">&euro;<\/span>0.00<\/bdi><\/span><\/span>\n         <\/div>\n         <div class=\"ccampaign-two__percent-raised\">0%<\/div>\n      <\/div>\n      <div class=\"campaign-two__progress\">\n         <div class=\"progress\">\n            <div class=\"progress-bar\" data-progress-animation=\"0%\">\n               <span class=\"percentage\"><span><\/span><\/span>\n            <\/div>\n         <\/div>\n      <\/div>   \n-->\n   <\/div>   \n<\/div>   <\/div><div class=\"item-columns\"><div class=\"campaign-two__single\">\n   <div class=\"campaign-two__image\">\n      <a href=\"https:\/\/test.reinvestgroup.pl\/pl\/product\/your-technology-investment-idea-pl\/\" title=\"Pa\u0144stwa pomys\u0142 na inwestycj\u0119 technologiczn\u0105 mo\u017ce by\u0107 tutaj\">\n         <img decoding=\"async\" width=\"580\" height=\"580\" src=\"https:\/\/test.reinvestgroup.pl\/wp-content\/uploads\/2024\/08\/aeb21723-00ba-4bdd-b5fe-1a108bec96d4-580x580.webp\" class=\"attachment-qizon_medium size-qizon_medium\" alt=\"\" srcset=\"https:\/\/test.reinvestgroup.pl\/wp-content\/uploads\/2024\/08\/aeb21723-00ba-4bdd-b5fe-1a108bec96d4-580x580.webp 580w, https:\/\/test.reinvestgroup.pl\/wp-content\/uploads\/2024\/08\/aeb21723-00ba-4bdd-b5fe-1a108bec96d4-175x175.webp 175w, https:\/\/test.reinvestgroup.pl\/wp-content\/uploads\/2024\/08\/aeb21723-00ba-4bdd-b5fe-1a108bec96d4-300x300.webp 300w, https:\/\/test.reinvestgroup.pl\/wp-content\/uploads\/2024\/08\/aeb21723-00ba-4bdd-b5fe-1a108bec96d4-180x180.webp 180w\" sizes=\"(max-width: 580px) 100vw, 580px\" \/>      <\/a>\n      <a href=\"https:\/\/test.reinvestgroup.pl\/pl\/product\/your-technology-investment-idea-pl\/\" class=\"campaign-two__overlay\"><\/a>\n      <div class=\"campaign-two__love campaign_loved_html\">\n         <a href=\"javascript:;\" class=\"love_this_campaign\" data-campaign-id=\"1434\"><i class=\"wpneo-icon wpneo-icon-love-empty\"><\/i><\/a>      <\/div>\n      <div class=\"campaign-two__categories\">\n         <span class=\"posted_in\"><a href=\"https:\/\/test.reinvestgroup.pl\/pl\/product-category\/technology-pl\/\" rel=\"tag\">Technologia<\/a><\/span>      <\/div>\n   <\/div>\n   <div class=\"campaign-two__content\">\n      <div class=\"campaign-two__meta\">\n         <div class=\"campaign-two__time_remaining\">\n                <div class=\"time-remaining\">\n        <i class=\"time-icon fa-solid fa-clock\"><\/i>\n                                <span class=\"info-value time-remaining-desc\">0<\/span>\n            \n                 \n                <span class=\"info-label time-remaining-name\">Days Remaining<\/span>\n              \n\n            <\/div>\n         <\/div>\n      <\/div>\n\n      <h4 class=\"campaign-two__title\">\n         <a href=\"https:\/\/test.reinvestgroup.pl\/pl\/product\/your-technology-investment-idea-pl\/ \">Pa\u0144stwa pomys\u0142 na inwestycj\u0119 technologiczn\u0105 mo\u017ce by\u0107 tutaj<\/a>\n      <\/h4>\n<!--\n      <div class=\"campaign-two__raised\">\n         <div class=\"campaign-two__total_raised\">\n            <span class=\"campaign-two__raised-value\"><span class=\"woocommerce-Price-amount amount\"><bdi><span class=\"woocommerce-Price-currencySymbol\">&euro;<\/span>0.00<\/bdi><\/span><\/span>\n            <span class=\"campaign-two__raised-label\">raised of <\/span>\n            <span class=\"campaign-two__goal\"><span class=\"woocommerce-Price-amount amount\"><bdi><span class=\"woocommerce-Price-currencySymbol\">&euro;<\/span>0.00<\/bdi><\/span><\/span>\n         <\/div>\n         <div class=\"ccampaign-two__percent-raised\">0%<\/div>\n      <\/div>\n      <div class=\"campaign-two__progress\">\n         <div class=\"progress\">\n            <div class=\"progress-bar\" data-progress-animation=\"0%\">\n               <span class=\"percentage\"><span><\/span><\/span>\n            <\/div>\n         <\/div>\n      <\/div>   \n-->\n   <\/div>   \n<\/div>   <\/div>      <\/div>   \r\n   <\/div>   \r\n          <div class=\"pagination\">\r\n           <div class=\"column one pager_wrapper\"><div class=\"pager\"><div class=\"paginations\"><a href=\"https:\/\/test.reinvestgroup.pl\/pl\/wp-json\/wp\/v2\/pages\/1442\/\" class=\"page-item active\">1<\/a><a href=\"https:\/\/test.reinvestgroup.pl\/pl\/wp-json\/wp\/v2\/pages\/1442\/page\/2\/\" class=\"page-item\">2<\/a><a class=\"next_page\" href=\"https:\/\/test.reinvestgroup.pl\/pl\/wp-json\/wp\/v2\/pages\/1442\/page\/2\/\"><i class=\"fas fa-chevron-right\"><\/i><\/a><\/div><\/div><\/div>\n       <\/div>\r\n   <\/div>\r\n\r\n<\/div>\t\t<\/div>\n\t\t\t\t<\/div>\n\t\t\t\t\t<\/div>\n\t\t<\/div>\n\t\t\t\t\t<\/div>\n\t\t<\/section>\n\t\t\t\t<section class=\"elementor-section elementor-top-section elementor-element elementor-element-c07c32e elementor-section-boxed elementor-section-height-default elementor-section-height-default\" data-id=\"c07c32e\" data-element_type=\"section\" data-settings=\"{&quot;background_background&quot;:&quot;classic&quot;}\">\n\t\t\t\t\t\t<div class=\"elementor-container elementor-column-gap-default\">\n\t\t\t\t\t<div class=\"elementor-column elementor-col-50 elementor-top-column elementor-element elementor-element-1991eb6\" data-id=\"1991eb6\" data-element_type=\"column\">\n\t\t\t<div class=\"elementor-widget-wrap elementor-element-populated\">\n\t\t\t\t\t\t<div class=\"elementor-element elementor-element-1a1d5e8 elementor-position-left elementor-vertical-align-middle icon-box-left elementor-view-default elementor-mobile-position-top elementor-widget elementor-widget-icon-box\" data-id=\"1a1d5e8\" data-element_type=\"widget\" data-widget_type=\"icon-box.default\">\n\t\t\t\t<div class=\"elementor-widget-container\">\n\t\t\t\t\t<div class=\"elementor-icon-box-wrapper\">\n\n\t\t\t\t\t\t<div class=\"elementor-icon-box-icon\">\n\t\t\t\t<span  class=\"elementor-icon elementor-animation-\">\n\t\t\t\t<i aria-hidden=\"true\" class=\" qicon-mission-2\"><\/i>\t\t\t\t<\/span>\n\t\t\t<\/div>\n\t\t\t\n\t\t\t\t\t\t<div class=\"elementor-icon-box-content\">\n\n\t\t\t\t\t\t\t\t\t<h3 class=\"elementor-icon-box-title\">\n\t\t\t\t\t\t<span  >\n\t\t\t\t\t\t\tPa\u0144stwa historia zaczyna si\u0119 tutaj\t\t\t\t\t\t<\/span>\n\t\t\t\t\t<\/h3>\n\t\t\t\t\n\t\t\t\t\t\t\t\t\t<p class=\"elementor-icon-box-description\">\n\t\t\t\t\t\tCzy s\u0105 Pa\u0144stwo gotowi przyci\u0105gn\u0105\u0107 inwestor\u00f3w do swojego pomys\u0142u?\t\t\t\t\t<\/p>\n\t\t\t\t\n\t\t\t<\/div>\n\t\t\t\n\t\t<\/div>\n\t\t\t\t<\/div>\n\t\t\t\t<\/div>\n\t\t\t\t\t<\/div>\n\t\t<\/div>\n\t\t\t\t<div class=\"elementor-column elementor-col-50 elementor-top-column elementor-element elementor-element-0422a13\" data-id=\"0422a13\" data-element_type=\"column\">\n\t\t\t<div class=\"elementor-widget-wrap elementor-element-populated\">\n\t\t\t\t\t\t<div class=\"elementor-element elementor-element-95eee82 elementor-widget__width-auto elementor-widget elementor-widget-html\" data-id=\"95eee82\" data-element_type=\"widget\" data-widget_type=\"html.default\">\n\t\t\t\t<div class=\"elementor-widget-container\">\n\t\t\t<a class=\"btn-black\" href=\"https:\/\/test.reinvestgroup.pl\/pl\/contact\/\">Zrealizuj to<\/a>\t\t<\/div>\n\t\t\t\t<\/div>\n\t\t\t\t\t<\/div>\n\t\t<\/div>\n\t\t\t\t\t<\/div>\n\t\t<\/section>\n\t\t\t\t<\/div>\n\t\t","protected":false},"excerpt":{"rendered":"<p>Platforma Inwestycyjna Twoje \u017ar\u00f3d\u0142o najlepszych pomys\u0142\u00f3w inwestycyjnych Kategoria, kt\u00f3ra Ci\u0119 interesuje Przegl\u0105daj kategorie Odkryj \u015bwiat mo\u017cliwo\u015bci inwestycyjnych. Zbadaj nasze r\u00f3\u017cnorodne kategorie i znajd\u017a idealny wyb\u00f3r dla swoich cel\u00f3w finansowych. 01 [&hellip;]<\/p>\n","protected":false},"author":1,"featured_media":0,"parent":0,"menu_order":0,"comment_status":"closed","ping_status":"closed","template":"","meta":{"footnotes":""},"class_list":["post-1442","page","type-page","status-publish","hentry"],"wpcf_dashboard":"<div class=\"woocommerce\"><div class=\"woocommerce-info\">Please log in first? <a class=\"wpneoShowLogin\" href=\"#\">Click here to login<\/a><\/div><div class=\"wpneo_login_form_div\" style=\"display: none;\"><form name=\"loginform\" id=\"loginform\" action=\"https:\/\/test.reinvestgroup.pl\/pl\/wp-login.php\" method=\"post\"><p class=\"login-username\">\n\t\t\t\t<label for=\"user_login\">Nazwa u\u017cytkownika lub adres e-mail<\/label>\n\t\t\t\t<input type=\"text\" name=\"log\" id=\"user_login\" autocomplete=\"username\" class=\"input\" value=\"\" size=\"20\" \/>\n\t\t\t<\/p><p class=\"login-password\">\n\t\t\t\t<label for=\"user_pass\">Has\u0142o<\/label>\n\t\t\t\t<input type=\"password\" name=\"pwd\" id=\"user_pass\" autocomplete=\"current-password\" spellcheck=\"false\" class=\"input\" value=\"\" size=\"20\" \/>\n\t\t\t<\/p><p class=\"login-remember\"><label><input name=\"rememberme\" type=\"checkbox\" id=\"rememberme\" value=\"forever\" \/> Zapami\u0119taj mnie<\/label><\/p><p class=\"login-submit\">\n\t\t\t\t<input type=\"submit\" name=\"wp-submit\" id=\"wp-submit\" class=\"button button-primary\" value=\"Zaloguj si\u0119\" \/>\n\t\t\t\t<input type=\"hidden\" name=\"redirect_to\" value=\"https:\/\/test.reinvestgroup.pl\/pl\/wp-json\/wp\/v2\/pages\/1442\" \/>\n\t\t\t<\/p><\/form><\/div><\/div>","_links":{"self":[{"href":"https:\/\/test.reinvestgroup.pl\/pl\/wp-json\/wp\/v2\/pages\/1442","targetHints":{"allow":["GET"]}}],"collection":[{"href":"https:\/\/test.reinvestgroup.pl\/pl\/wp-json\/wp\/v2\/pages"}],"about":[{"href":"https:\/\/test.reinvestgroup.pl\/pl\/wp-json\/wp\/v2\/types\/page"}],"author":[{"embeddable":true,"href":"https:\/\/test.reinvestgroup.pl\/pl\/wp-json\/wp\/v2\/users\/1"}],"replies":[{"embeddable":true,"href":"https:\/\/test.reinvestgroup.pl\/pl\/wp-json\/wp\/v2\/comments?post=1442"}],"version-history":[{"count":13,"href":"https:\/\/test.reinvestgroup.pl\/pl\/wp-json\/wp\/v2\/pages\/1442\/revisions"}],"predecessor-version":[{"id":1872,"href":"https:\/\/test.reinvestgroup.pl\/pl\/wp-json\/wp\/v2\/pages\/1442\/revisions\/1872"}],"wp:attachment":[{"href":"https:\/\/test.reinvestgroup.pl\/pl\/wp-json\/wp\/v2\/media?parent=1442"}],"curies":[{"name":"wp","href":"https:\/\/api.w.org\/{rel}","templated":true}]}}