{"id":1767,"date":"2024-08-05T18:52:50","date_gmt":"2024-08-05T18:52:50","guid":{"rendered":"https:\/\/test.reinvestgroup.pl\/privacy-policy\/"},"modified":"2024-09-04T21:36:43","modified_gmt":"2024-09-04T21:36:43","slug":"privacy-policy","status":"publish","type":"page","link":"https:\/\/test.reinvestgroup.pl\/pl\/privacy-policy\/","title":{"rendered":"Polityka prywatno\u015bci"},"content":{"rendered":"\t\t<div data-elementor-type=\"wp-page\" data-elementor-id=\"1767\" class=\"elementor elementor-1767 elementor-3\">\n\t\t\t\t\t\t<section class=\"elementor-section elementor-top-section elementor-element elementor-element-610e5879 elementor-section-boxed elementor-section-height-default elementor-section-height-default\" data-id=\"610e5879\" data-element_type=\"section\">\n\t\t\t\t\t\t<div class=\"elementor-container elementor-column-gap-default\">\n\t\t\t\t\t<div class=\"elementor-column elementor-col-100 elementor-top-column elementor-element elementor-element-621709a\" data-id=\"621709a\" data-element_type=\"column\">\n\t\t\t<div class=\"elementor-widget-wrap elementor-element-populated\">\n\t\t\t\t\t\t<div class=\"elementor-element elementor-element-2a581398 elementor-widget elementor-widget-text-editor\" data-id=\"2a581398\" data-element_type=\"widget\" data-widget_type=\"text-editor.default\">\n\t\t\t\t<div class=\"elementor-widget-container\">\n\t\t\t\t\t\t\t<h2 class=\"wp-block-heading\">Kim jeste\u015bmy<\/h2>  Nasza platforma znajduje si\u0119 pod adresem <a href=\"https:\/\/test.reinvestgroup.pl\/pl\/\" target=\"_new\" rel=\"noopener\">https:\/\/test.reinvestgroup.pl.<\/a>\nJeste\u015bmy platform\u0105 inwestycyjn\u0105, kt\u00f3ra zapewnia u\u017cytkownikom dost\u0119p do produkt\u00f3w i us\u0142ug inwestycyjnych.\nNasz\u0105 misj\u0105 jest pomoc inwestorom w efektywnym zarz\u0105dzaniu ich \u015brodkami i osi\u0105ganiu cel\u00f3w finansowych.    <h2 class=\"wp-block-heading\">Komentarze<\/h2>  Gdy odwiedzaj\u0105cy zostawiaj\u0105 komentarze na stronie, zbieramy dane wy\u015bwietlane w formularzu komentarzy, a tak\u017ce adres IP odwiedzaj\u0105cego i ci\u0105g agenta u\u017cytkownika przegl\u0105darki, aby pom\u00f3c w wykrywaniu spamu.\nZanonimizowany ci\u0105g znak\u00f3w utworzony z Pa\u0144stwa adresu e-mail (zwany r\u00f3wnie\u017c skr\u00f3tem) mo\u017ce zosta\u0107 przekazany do us\u0142ugi Gravatar w celu sprawdzenia, czy z niej Pa\u0144stwo korzystaj\u0105.\nPolityka prywatno\u015bci us\u0142ugi Gravatar jest dost\u0119pna tutaj: <a href=\"https:\/\/automattic.com\/privacy\/\" target=\"_new\" rel=\"noopener\">https:\/\/automattic.com\/privacy\/.<\/a>\nPo zatwierdzeniu komentarza Pana\/Pani zdj\u0119cie profilowe jest widoczne publicznie w kontek\u015bcie Pana\/Pani komentarza.     <h2 class=\"wp-block-heading\">Media<\/h2>  Je\u015bli przesy\u0142aj\u0105 Pa\u0144stwo obrazy na stron\u0119 internetow\u0105, powinni Pa\u0144stwo unika\u0107 przesy\u0142ania obraz\u00f3w z osadzonymi danymi lokalizacji (EXIF GPS).\nOdwiedzaj\u0105cy witryn\u0119 mog\u0105 pobiera\u0107 i wyodr\u0119bnia\u0107 wszelkie dane dotycz\u0105ce lokalizacji z obraz\u00f3w w witrynie.   <a id=\"cookies\"><\/a>\n<h2 class=\"wp-block-heading\">Ciasteczka<\/h2>  Je\u015bli zostawi\u0105 Pa\u0144stwo komentarz na naszej stronie, mog\u0105 Pa\u0144stwo wyrazi\u0107 zgod\u0119 na zapisanie swojego imienia i nazwiska, adresu e-mail i strony internetowej w plikach cookie.\nJest to dla Pa\u0144stwa wygody, aby nie musieli Pa\u0144stwo ponownie wpisywa\u0107 swoich danych, gdy zostawiaj\u0105 Pa\u0144stwo kolejny komentarz.\nTe pliki cookie b\u0119d\u0105 przechowywane przez rok.\nJe\u015bli odwiedz\u0105 Pa\u0144stwo nasz\u0105 stron\u0119 logowania, ustawimy tymczasowy plik cookie, aby ustali\u0107, czy Pa\u0144stwa przegl\u0105darka akceptuje pliki cookie.\nTen plik cookie nie zawiera danych osobowych i jest usuwany po zamkni\u0119ciu przegl\u0105darki.\nPodczas logowania ustawimy r\u00f3wnie\u017c kilka plik\u00f3w cookie, aby zapisa\u0107 Pa\u0144stwa dane logowania i opcje wy\u015bwietlania ekranu.\nPliki cookie logowania s\u0105 przechowywane przez dwa dni, a pliki cookie opcji ekranu przez rok.\nJe\u015bli wybior\u0105 Pa\u0144stwo opcj\u0119 &#8220;Zapami\u0119taj mnie&#8221;, Pa\u0144stwa login b\u0119dzie przechowywany przez dwa tygodnie.\nJe\u015bli wyloguj\u0105 si\u0119 Pa\u0144stwo ze swojego konta, pliki cookie logowania zostan\u0105 usuni\u0119te.\nJe\u015bli edytuj\u0105 Pa\u0144stwo lub publikuj\u0105 artyku\u0142, w Pa\u0144stwa przegl\u0105darce zostanie zapisany dodatkowy plik cookie.\nTen plik cookie nie zawiera \u017cadnych danych osobowych i po prostu wskazuje identyfikator posta artyku\u0142u, kt\u00f3ry w\u0142a\u015bnie Pa\u0144stwo edytowali.\nWygasa on po up\u0142ywie jednego dnia.             <h2 class=\"wp-block-heading\">Osadzone tre\u015bci z innych stron internetowych<\/h2>  Artyku\u0142y na tej stronie mog\u0105 zawiera\u0107 osadzone tre\u015bci (np. filmy, obrazy, artyku\u0142y itp.).\nOsadzone tre\u015bci z innych witryn zachowuj\u0105 si\u0119 dok\u0142adnie tak samo, jak gdyby u\u017cytkownik odwiedzi\u0142 inn\u0105 witryn\u0119.\nWitryny te mog\u0105 gromadzi\u0107 dane na Pa\u0144stwa temat, wykorzystywa\u0107 pliki cookie, osadza\u0107 dodatkowe \u015bledzenie stron trzecich i monitorowa\u0107 Pa\u0144stwa interakcj\u0119 z osadzonymi tre\u015bciami, w tym \u015bledzi\u0107 Pa\u0144stwa interakcj\u0119 z osadzonymi tre\u015bciami, je\u015bli posiadaj\u0105 Pa\u0144stwo konto i s\u0105 zalogowani w tej witrynie.    <h2 class=\"wp-block-heading\">Komu udost\u0119pniamy Pa\u0144stwa dane<\/h2>  Je\u015bli za\u017c\u0105daj\u0105 Pa\u0144stwo zresetowania has\u0142a, Pa\u0144stwa adres IP zostanie uwzgl\u0119dniony w wiadomo\u015bci e-mail z pro\u015bb\u0105 o zresetowanie has\u0142a.  <h2 class=\"wp-block-heading\">Jak d\u0142ugo przechowujemy Pa\u0144stwa dane<\/h2>  Je\u015bli zostawi\u0105 Pa\u0144stwo komentarz, komentarz i jego metadane zostan\u0105 zachowane na czas nieokre\u015blony.\nDzi\u0119ki temu mo\u017cemy automatycznie rozpoznawa\u0107 i zatwierdza\u0107 wszelkie kolejne komentarze, zamiast trzyma\u0107 je w kolejce moderacji.\nW przypadku u\u017cytkownik\u00f3w, kt\u00f3rzy zarejestruj\u0105 si\u0119 na naszej stronie internetowej (je\u015bli tacy s\u0105), przechowujemy r\u00f3wnie\u017c dane osobowe, kt\u00f3re podaj\u0105 w swoim profilu u\u017cytkownika.\nWszyscy u\u017cytkownicy mog\u0105 przegl\u0105da\u0107, edytowa\u0107 lub usuwa\u0107 swoje dane osobowe w dowolnym momencie (z wyj\u0105tkiem tego, \u017ce nie mog\u0105 zmieni\u0107 swojej nazwy u\u017cytkownika).\nAdministratorzy strony r\u00f3wnie\u017c mog\u0105 przegl\u0105da\u0107 i edytowa\u0107 te informacje.      <h2 class=\"wp-block-heading\">Jakie prawa przys\u0142uguj\u0105 Pa\u0144stwu w odniesieniu do Pa\u0144stwa danych<\/h2>  Je\u015bli maj\u0105 Pa\u0144stwo konto na tej stronie lub pozostawili komentarze, mog\u0105 Pa\u0144stwo za\u017c\u0105da\u0107 otrzymania wyeksportowanego pliku danych osobowych, kt\u00f3re przechowujemy na Pa\u0144stwa temat, w tym wszelkich danych, kt\u00f3re nam Pa\u0144stwo przekazali.\nMo\u017ce Pan\/Pani r\u00f3wnie\u017c za\u017c\u0105da\u0107 usuni\u0119cia wszelkich przechowywanych przez nas Pana\/Pani danych osobowych.\nNie obejmuje to \u017cadnych danych, kt\u00f3re jeste\u015bmy zobowi\u0105zani przechowywa\u0107 do cel\u00f3w administracyjnych, prawnych lub bezpiecze\u0144stwa.    <h2 class=\"wp-block-heading\">Gdzie przesy\u0142ane s\u0105 Pa\u0144stwa dane<\/h2>  Komentarze odwiedzaj\u0105cych mog\u0105 by\u0107 sprawdzane przez zautomatyzowan\u0105 us\u0142ug\u0119 wykrywania spamu.\nPa\u0144stwa dane mog\u0105 by\u0107 r\u00f3wnie\u017c wykorzystywane w celu spe\u0142nienia wymog\u00f3w prawnych, analizy witryny, poprawy jako\u015bci us\u0142ug i innych cel\u00f3w zwi\u0105zanych z zapewnieniem Pa\u0144stwu wysokiej jako\u015bci us\u0142ug na naszej platformie. \t\t\t\t\t\t<\/div>\n\t\t\t\t<\/div>\n\t\t\t\t\t<\/div>\n\t\t<\/div>\n\t\t\t\t\t<\/div>\n\t\t<\/section>\n\t\t\t\t<\/div>\n\t\t","protected":false},"excerpt":{"rendered":"<p>Kim jeste\u015bmy Nasza platforma znajduje si\u0119 pod adresem https:\/\/test.reinvestgroup.pl. Jeste\u015bmy platform\u0105 inwestycyjn\u0105, kt\u00f3ra zapewnia u\u017cytkownikom dost\u0119p do produkt\u00f3w i us\u0142ug inwestycyjnych. Nasz\u0105 misj\u0105 jest pomoc inwestorom w efektywnym zarz\u0105dzaniu ich [&hellip;]<\/p>\n","protected":false},"author":1,"featured_media":0,"parent":0,"menu_order":0,"comment_status":"closed","ping_status":"closed","template":"","meta":{"footnotes":""},"class_list":["post-1767","page","type-page","status-publish","hentry"],"wpcf_dashboard":"<div class=\"woocommerce\"><div class=\"woocommerce-info\">Please log in first? <a class=\"wpneoShowLogin\" href=\"#\">Click here to login<\/a><\/div><div class=\"wpneo_login_form_div\" style=\"display: none;\"><form name=\"loginform\" id=\"loginform\" action=\"https:\/\/test.reinvestgroup.pl\/pl\/wp-login.php\" method=\"post\"><p class=\"login-username\">\n\t\t\t\t<label for=\"user_login\">Nazwa u\u017cytkownika lub adres e-mail<\/label>\n\t\t\t\t<input type=\"text\" name=\"log\" id=\"user_login\" autocomplete=\"username\" class=\"input\" value=\"\" size=\"20\" \/>\n\t\t\t<\/p><p class=\"login-password\">\n\t\t\t\t<label for=\"user_pass\">Has\u0142o<\/label>\n\t\t\t\t<input type=\"password\" name=\"pwd\" id=\"user_pass\" autocomplete=\"current-password\" spellcheck=\"false\" class=\"input\" value=\"\" size=\"20\" \/>\n\t\t\t<\/p><p class=\"login-remember\"><label><input name=\"rememberme\" type=\"checkbox\" id=\"rememberme\" value=\"forever\" \/> Zapami\u0119taj mnie<\/label><\/p><p class=\"login-submit\">\n\t\t\t\t<input type=\"submit\" name=\"wp-submit\" id=\"wp-submit\" class=\"button button-primary\" value=\"Zaloguj si\u0119\" \/>\n\t\t\t\t<input type=\"hidden\" name=\"redirect_to\" value=\"https:\/\/test.reinvestgroup.pl\/pl\/wp-json\/wp\/v2\/pages\/1767\" \/>\n\t\t\t<\/p><\/form><\/div><\/div>","_links":{"self":[{"href":"https:\/\/test.reinvestgroup.pl\/pl\/wp-json\/wp\/v2\/pages\/1767","targetHints":{"allow":["GET"]}}],"collection":[{"href":"https:\/\/test.reinvestgroup.pl\/pl\/wp-json\/wp\/v2\/pages"}],"about":[{"href":"https:\/\/test.reinvestgroup.pl\/pl\/wp-json\/wp\/v2\/types\/page"}],"author":[{"embeddable":true,"href":"https:\/\/test.reinvestgroup.pl\/pl\/wp-json\/wp\/v2\/users\/1"}],"replies":[{"embeddable":true,"href":"https:\/\/test.reinvestgroup.pl\/pl\/wp-json\/wp\/v2\/comments?post=1767"}],"version-history":[{"count":21,"href":"https:\/\/test.reinvestgroup.pl\/pl\/wp-json\/wp\/v2\/pages\/1767\/revisions"}],"predecessor-version":[{"id":1884,"href":"https:\/\/test.reinvestgroup.pl\/pl\/wp-json\/wp\/v2\/pages\/1767\/revisions\/1884"}],"wp:attachment":[{"href":"https:\/\/test.reinvestgroup.pl\/pl\/wp-json\/wp\/v2\/media?parent=1767"}],"curies":[{"name":"wp","href":"https:\/\/api.w.org\/{rel}","templated":true}]}}